{"id":266,"date":"2025-01-09T17:14:49","date_gmt":"2025-01-09T17:14:49","guid":{"rendered":"https:\/\/tempsite.com.br\/66cbc2025\/?page_id=266"},"modified":"2025-01-13T12:20:01","modified_gmt":"2025-01-13T12:20:01","slug":"organizacao","status":"publish","type":"page","link":"http:\/\/tempsite.com.br\/66cbc2025\/organizacao\/","title":{"rendered":"Organiza\u00e7\u00e3o"},"content":{"rendered":"\t\t<div data-elementor-type=\"wp-page\" data-elementor-id=\"266\" class=\"elementor elementor-266\" data-elementor-post-type=\"page\">\n\t\t\t\t<div class=\"elementor-element elementor-element-9801925 e-flex e-con-boxed e-con e-parent\" data-id=\"9801925\" data-element_type=\"container\">\n\t\t\t\t\t<div class=\"e-con-inner\">\n\t\t\t\t<div class=\"elementor-element elementor-element-1f4e1b7 elementor-widget elementor-widget-heading\" data-id=\"1f4e1b7\" data-element_type=\"widget\" data-widget_type=\"heading.default\">\n\t\t\t\t<div class=\"elementor-widget-container\">\n\t\t\t\t\t<h2 class=\"elementor-heading-title elementor-size-default\">Comiss\u00e3o Organizadora nacional<\/h2>\t\t\t\t<\/div>\n\t\t\t\t<\/div>\n\t\t\t\t\t<\/div>\n\t\t\t\t<\/div>\n\t\t<div class=\"elementor-element elementor-element-6965878 e-flex e-con-boxed e-con e-parent\" data-id=\"6965878\" data-element_type=\"container\">\n\t\t\t\t\t<div class=\"e-con-inner\">\n\t\t\t\t<div class=\"elementor-element elementor-element-a0c08c6 elementor-widget elementor-widget-spacer\" data-id=\"a0c08c6\" data-element_type=\"widget\" data-widget_type=\"spacer.default\">\n\t\t\t\t<div class=\"elementor-widget-container\">\n\t\t\t\t\t\t\t<div class=\"elementor-spacer\">\n\t\t\t<div class=\"elementor-spacer-inner\"><\/div>\n\t\t<\/div>\n\t\t\t\t\t\t<\/div>\n\t\t\t\t<\/div>\n\t\t\t\t<div class=\"elementor-element elementor-element-47eeb17 elementor-widget elementor-widget-text-editor\" data-id=\"47eeb17\" data-element_type=\"widget\" data-widget_type=\"text-editor.default\">\n\t\t\t\t<div class=\"elementor-widget-container\">\n\t\t\t\t\t\t\t\t\t<p><strong>Diretor de Eventos<\/strong>: T\u00falio Nogueira Bittencourt<\/p><p><strong>Diretor de Pesquisa &amp; Desenvolvimento:<\/strong>\u00a0Leandro Mouta Trautwein<\/p><p><strong>Diretor de Marketing:\u00a0<\/strong> Rafael Timerman<\/p><p><strong>Diretora de Atividades Estudantis:\u00a0<\/strong>Jessica Andrade Dantas<\/p>\t\t\t\t\t\t\t\t<\/div>\n\t\t\t\t<\/div>\n\t\t\t\t<div class=\"elementor-element elementor-element-eac3ee9 elementor-widget elementor-widget-heading\" data-id=\"eac3ee9\" data-element_type=\"widget\" data-widget_type=\"heading.default\">\n\t\t\t\t<div class=\"elementor-widget-container\">\n\t\t\t\t\t<h2 class=\"elementor-heading-title elementor-size-default\">Comiss\u00e3o Organizadora Regional<\/h2>\t\t\t\t<\/div>\n\t\t\t\t<\/div>\n\t\t\t\t<div class=\"elementor-element elementor-element-432ae0b elementor-widget elementor-widget-spacer\" data-id=\"432ae0b\" data-element_type=\"widget\" data-widget_type=\"spacer.default\">\n\t\t\t\t<div class=\"elementor-widget-container\">\n\t\t\t\t\t\t\t<div class=\"elementor-spacer\">\n\t\t\t<div class=\"elementor-spacer-inner\"><\/div>\n\t\t<\/div>\n\t\t\t\t\t\t<\/div>\n\t\t\t\t<\/div>\n\t\t\t\t\t<\/div>\n\t\t\t\t<\/div>\n\t\t<div class=\"elementor-element elementor-element-c1fcd51 e-flex e-con-boxed e-con e-parent\" data-id=\"c1fcd51\" data-element_type=\"container\">\n\t\t\t\t\t<div class=\"e-con-inner\">\n\t\t\t\t<div class=\"elementor-element elementor-element-2dea2e9 elementor-widget elementor-widget-text-editor\" data-id=\"2dea2e9\" data-element_type=\"widget\" data-widget_type=\"text-editor.default\">\n\t\t\t\t<div class=\"elementor-widget-container\">\n\t\t\t\t\t\t\t\t\t<p><strong>Diretor Regional: <\/strong>Maur\u00edcio Bianchini<\/p><p><strong>Diretor T\u00e9cnico: <\/strong>Cesar Henrique Sato Daher<\/p><p><strong>Diretora Administrativa: <\/strong>Edna Possan<\/p>\t\t\t\t\t\t\t\t<\/div>\n\t\t\t\t<\/div>\n\t\t\t\t<div class=\"elementor-element elementor-element-1c278e7 elementor-widget elementor-widget-heading\" data-id=\"1c278e7\" data-element_type=\"widget\" data-widget_type=\"heading.default\">\n\t\t\t\t<div class=\"elementor-widget-container\">\n\t\t\t\t\t<h2 class=\"elementor-heading-title elementor-size-default\">Comiss\u00e3o Cient\u00edfica<\/h2>\t\t\t\t<\/div>\n\t\t\t\t<\/div>\n\t\t\t\t<div class=\"elementor-element elementor-element-72a0731 elementor-widget elementor-widget-spacer\" data-id=\"72a0731\" data-element_type=\"widget\" data-widget_type=\"spacer.default\">\n\t\t\t\t<div class=\"elementor-widget-container\">\n\t\t\t\t\t\t\t<div class=\"elementor-spacer\">\n\t\t\t<div class=\"elementor-spacer-inner\"><\/div>\n\t\t<\/div>\n\t\t\t\t\t\t<\/div>\n\t\t\t\t<\/div>\n\t\t\t\t<div class=\"elementor-element elementor-element-7bfca47 elementor-widget elementor-widget-text-editor\" data-id=\"7bfca47\" data-element_type=\"widget\" data-widget_type=\"text-editor.default\">\n\t\t\t\t<div class=\"elementor-widget-container\">\n\t\t\t\t\t\t\t\t\t<p><b>Em breve<\/b><\/p>\t\t\t\t\t\t\t\t<\/div>\n\t\t\t\t<\/div>\n\t\t\t\t<div class=\"elementor-element elementor-element-9f80b53 elementor-widget elementor-widget-spacer\" data-id=\"9f80b53\" data-element_type=\"widget\" data-widget_type=\"spacer.default\">\n\t\t\t\t<div class=\"elementor-widget-container\">\n\t\t\t\t\t\t\t<div class=\"elementor-spacer\">\n\t\t\t<div class=\"elementor-spacer-inner\"><\/div>\n\t\t<\/div>\n\t\t\t\t\t\t<\/div>\n\t\t\t\t<\/div>\n\t\t\t\t\t<\/div>\n\t\t\t\t<\/div>\n\t\t\t\t<\/div>\n\t\t","protected":false},"excerpt":{"rendered":"<p>Comiss\u00e3o Organizadora nacional Diretor de Eventos: T\u00falio Nogueira Bittencourt Diretor de Pesquisa &amp; Desenvolvimento:\u00a0Leandro Mouta Trautwein Diretor de Marketing:\u00a0 Rafael Timerman Diretora de Atividades Estudantis:\u00a0Jessica Andrade Dantas Comiss\u00e3o Organizadora Regional Diretor Regional: Maur\u00edcio Bianchini Diretor T\u00e9cnico: Cesar Henrique Sato Daher Diretora Administrativa: Edna Possan Comiss\u00e3o Cient\u00edfica Em breve<\/p>\n","protected":false},"author":2,"featured_media":0,"parent":0,"menu_order":0,"comment_status":"closed","ping_status":"closed","template":"","meta":{"_siteseo_robots_primary_cat":"","footnotes":""},"class_list":["post-266","page","type-page","status-publish","hentry"],"_links":{"self":[{"href":"http:\/\/tempsite.com.br\/66cbc2025\/wp-json\/wp\/v2\/pages\/266","targetHints":{"allow":["GET"]}}],"collection":[{"href":"http:\/\/tempsite.com.br\/66cbc2025\/wp-json\/wp\/v2\/pages"}],"about":[{"href":"http:\/\/tempsite.com.br\/66cbc2025\/wp-json\/wp\/v2\/types\/page"}],"author":[{"embeddable":true,"href":"http:\/\/tempsite.com.br\/66cbc2025\/wp-json\/wp\/v2\/users\/2"}],"replies":[{"embeddable":true,"href":"http:\/\/tempsite.com.br\/66cbc2025\/wp-json\/wp\/v2\/comments?post=266"}],"version-history":[{"count":13,"href":"http:\/\/tempsite.com.br\/66cbc2025\/wp-json\/wp\/v2\/pages\/266\/revisions"}],"predecessor-version":[{"id":300,"href":"http:\/\/tempsite.com.br\/66cbc2025\/wp-json\/wp\/v2\/pages\/266\/revisions\/300"}],"wp:attachment":[{"href":"http:\/\/tempsite.com.br\/66cbc2025\/wp-json\/wp\/v2\/media?parent=266"}],"curies":[{"name":"wp","href":"https:\/\/api.w.org\/{rel}","templated":true}]}}