{"id":209,"date":"2025-01-02T15:06:37","date_gmt":"2025-01-02T15:06:37","guid":{"rendered":"https:\/\/tempsite.com.br\/66cbc2025\/?page_id=209"},"modified":"2025-01-02T17:18:07","modified_gmt":"2025-01-02T17:18:07","slug":"o-congresso","status":"publish","type":"page","link":"https:\/\/tempsite.com.br\/66cbc2025\/o-congresso\/","title":{"rendered":"O Congresso"},"content":{"rendered":"\t\t<div data-elementor-type=\"wp-page\" data-elementor-id=\"209\" class=\"elementor elementor-209\" data-elementor-post-type=\"page\">\n\t\t\t\t<div class=\"elementor-element elementor-element-1384f5d e-flex e-con-boxed e-con e-parent\" data-id=\"1384f5d\" data-element_type=\"container\">\n\t\t\t\t\t<div class=\"e-con-inner\">\n\t\t\t\t<div class=\"elementor-element elementor-element-5b4961a elementor-widget elementor-widget-text-editor\" data-id=\"5b4961a\" data-element_type=\"widget\" data-widget_type=\"text-editor.default\">\n\t\t\t\t<div class=\"elementor-widget-container\">\n\t\t\t\t\t\t\t\t\t<figure id=\"attachment_214\" aria-describedby=\"caption-attachment-214\" style=\"width: 600px\" class=\"wp-caption alignleft\"><img fetchpriority=\"high\" decoding=\"async\" class=\"wp-image-214\" src=\"http:\/\/tempsite.com.br\/66cbc2025\/wp-content\/uploads\/2025\/01\/Praca-Osorio-1024x701.jpg\" alt=\"\" width=\"600\" height=\"411\" srcset=\"https:\/\/tempsite.com.br\/66cbc2025\/wp-content\/uploads\/2025\/01\/Praca-Osorio-1024x701.jpg 1024w, https:\/\/tempsite.com.br\/66cbc2025\/wp-content\/uploads\/2025\/01\/Praca-Osorio-300x205.jpg 300w, https:\/\/tempsite.com.br\/66cbc2025\/wp-content\/uploads\/2025\/01\/Praca-Osorio-768x525.jpg 768w, https:\/\/tempsite.com.br\/66cbc2025\/wp-content\/uploads\/2025\/01\/Praca-Osorio.jpg 1200w\" sizes=\"(max-width: 600px) 100vw, 600px\" \/><figcaption id=\"caption-attachment-214\" class=\"wp-caption-text\">Osorio Square (Praca Osorio) &#8211; Curitiba, Parana, Brazil<\/figcaption><\/figure><p>Entre os dias <strong>28 e 31 de outubro de 2025<\/strong>, a cidade de <strong>Curitiba<\/strong> sediar\u00e1 o <strong>66\u00ba Congresso do IBRACON<\/strong>, com o tema <strong>\u201cConcreto: o material do passado, do presente e do futuro\u201d<\/strong>.<\/p><p>O evento contar\u00e1 com um amplo programa, incluindo confer\u00eancias de renomados especialistas nacionais e internacionais, palestras, semin\u00e1rios e apresenta\u00e7\u00f5es de trabalhos t\u00e9cnico-cient\u00edficos. Os participantes tamb\u00e9m ter\u00e3o a oportunidade de visitar stands dos principais fornecedores de equipamentos, materiais e servi\u00e7os de engenharia relacionados ao concreto.<\/p><p>Reconhecido como um dos mais importantes eventos do setor, o <strong>Congresso Brasileiro do Concreto<\/strong> proporciona aos participantes uma oportunidade \u00fanica de aprofundar conhecimentos em engenharia de materiais e estruturas de concreto, al\u00e9m de fortalecer contatos profissionais e expandir suas redes de relacionamento no mercado.<\/p><p>\u00a0<\/p><p>\u00a0<\/p><p>\u00a0<\/p><div class=\"elementor-element elementor-element-68c34f8f elementor-widget elementor-widget-heading\" data-id=\"68c34f8f\" data-element_type=\"widget\" data-widget_type=\"heading.default\"><div class=\"elementor-widget-container\"><h5 class=\"elementor-heading-title elementor-size-default\"><strong>Temas<\/strong><\/h5><\/div><\/div><div class=\"elementor-element elementor-element-7d42c3a7 elementor-mobile-align-left elementor-align-left elementor-icon-list--layout-traditional elementor-list-item-link-full_width elementor-widget elementor-widget-icon-list\" data-id=\"7d42c3a7\" data-element_type=\"widget\" data-widget_type=\"icon-list.default\"><div class=\"elementor-widget-container\"><ul class=\"elementor-icon-list-items\"><li class=\"elementor-icon-list-item\"><span class=\"elementor-icon-list-text\">Concretos e Argamassas. Inova\u00e7\u00f5es Tecnol\u00f3gicas<\/span><\/li><li class=\"elementor-icon-list-item\"><span class=\"elementor-icon-list-text\">Concretos e Argamassas. Materiais e Propriedades<\/span><\/li><li class=\"elementor-icon-list-item\"><span class=\"elementor-icon-list-text\">Estruturas de Concreto e Mistas. Durabilidade e Sustentabilidade<\/span><\/li><li class=\"elementor-icon-list-item\"><span class=\"elementor-icon-list-text\">Estruturas de Concreto e Mistas. An\u00e1lise e Projeto<\/span><\/li><li class=\"elementor-icon-list-item\"><span class=\"elementor-icon-list-text\">Estruturas de Concreto e Mistas. Inspe\u00e7\u00e3o, Diagn\u00f3stico, Recupera\u00e7\u00e3o, Refor\u00e7o e Prote\u00e7\u00e3o<\/span><\/li><li class=\"elementor-icon-list-item\"><span class=\"elementor-icon-list-text\">Estruturas de Concreto e Mistas. Pr\u00e9-moldados e Pr\u00e9-fabricados<\/span><\/li><li class=\"elementor-icon-list-item\"><span class=\"elementor-icon-list-text\">Estruturas de Concreto e Mistas. Prote\u00e7\u00e3o Contra Inc\u00eandio<\/span><\/li><li class=\"elementor-icon-list-item\"><span class=\"elementor-icon-list-text\">Obras de Concreto e Mistas. M\u00e9todos Construtivos e Gest\u00e3o<\/span><\/li><\/ul><p>\u00a0<\/p><\/div><\/div>\t\t\t\t\t\t\t\t<\/div>\n\t\t\t\t<\/div>\n\t\t\t\t\t<\/div>\n\t\t\t\t<\/div>\n\t\t\t\t<\/div>\n\t\t","protected":false},"excerpt":{"rendered":"<p>Entre os dias 28 e 31 de outubro de 2025, a cidade de Curitiba sediar\u00e1 o 66\u00ba Congresso do IBRACON, com o tema \u201cConcreto: o material do passado, do presente e do futuro\u201d. O evento contar\u00e1 com um amplo programa, incluindo confer\u00eancias de renomados especialistas nacionais e internacionais, palestras, semin\u00e1rios e apresenta\u00e7\u00f5es de trabalhos t\u00e9cnico-cient\u00edficos. [&hellip;]<\/p>\n","protected":false},"author":2,"featured_media":0,"parent":0,"menu_order":0,"comment_status":"closed","ping_status":"closed","template":"","meta":{"_siteseo_robots_primary_cat":"","footnotes":""},"class_list":["post-209","page","type-page","status-publish","hentry"],"_links":{"self":[{"href":"https:\/\/tempsite.com.br\/66cbc2025\/wp-json\/wp\/v2\/pages\/209","targetHints":{"allow":["GET"]}}],"collection":[{"href":"https:\/\/tempsite.com.br\/66cbc2025\/wp-json\/wp\/v2\/pages"}],"about":[{"href":"https:\/\/tempsite.com.br\/66cbc2025\/wp-json\/wp\/v2\/types\/page"}],"author":[{"embeddable":true,"href":"https:\/\/tempsite.com.br\/66cbc2025\/wp-json\/wp\/v2\/users\/2"}],"replies":[{"embeddable":true,"href":"https:\/\/tempsite.com.br\/66cbc2025\/wp-json\/wp\/v2\/comments?post=209"}],"version-history":[{"count":20,"href":"https:\/\/tempsite.com.br\/66cbc2025\/wp-json\/wp\/v2\/pages\/209\/revisions"}],"predecessor-version":[{"id":233,"href":"https:\/\/tempsite.com.br\/66cbc2025\/wp-json\/wp\/v2\/pages\/209\/revisions\/233"}],"wp:attachment":[{"href":"https:\/\/tempsite.com.br\/66cbc2025\/wp-json\/wp\/v2\/media?parent=209"}],"curies":[{"name":"wp","href":"https:\/\/api.w.org\/{rel}","templated":true}]}}