{"id":250,"date":"2025-01-09T11:51:56","date_gmt":"2025-01-09T11:51:56","guid":{"rendered":"https:\/\/tempsite.com.br\/66cbc2025\/?page_id=250"},"modified":"2025-01-09T12:00:23","modified_gmt":"2025-01-09T12:00:23","slug":"temas","status":"publish","type":"page","link":"https:\/\/tempsite.com.br\/66cbc2025\/temas\/","title":{"rendered":"Temas"},"content":{"rendered":"\t\t<div data-elementor-type=\"wp-page\" data-elementor-id=\"250\" class=\"elementor elementor-250\" data-elementor-post-type=\"page\">\n\t\t\t\t<div class=\"elementor-element elementor-element-b5d43b1 e-flex e-con-boxed e-con e-parent\" data-id=\"b5d43b1\" data-element_type=\"container\">\n\t\t\t\t\t<div class=\"e-con-inner\">\n\t\t\t\t<div class=\"elementor-element elementor-element-c32e61e elementor-widget elementor-widget-qi_addons_for_elementor_message_box\" data-id=\"c32e61e\" data-element_type=\"widget\" data-widget_type=\"qi_addons_for_elementor_message_box.default\">\n\t\t\t\t<div class=\"elementor-widget-container\">\n\t\t\t\t\t<div class=\"qodef-shortcode qodef-m  qodef-qi-message-box qodef-icon--middle\">\n\t\t<span class=\"qodef-m-icon\">\n\t\t<svg aria-hidden=\"true\" class=\"e-font-icon-svg e-far-arrow-alt-circle-right\" viewBox=\"0 0 512 512\" xmlns=\"http:\/\/www.w3.org\/2000\/svg\"><path d=\"M504 256C504 119 393 8 256 8S8 119 8 256s111 248 248 248 248-111 248-248zm-448 0c0-110.5 89.5-200 200-200s200 89.5 200 200-89.5 200-200 200S56 366.5 56 256zm72 20v-40c0-6.6 5.4-12 12-12h116v-67c0-10.7 12.9-16 20.5-8.5l99 99c4.7 4.7 4.7 12.3 0 17l-99 99c-7.6 7.6-20.5 2.2-20.5-8.5v-67H140c-6.6 0-12-5.4-12-12z\"><\/path><\/svg>\t<\/span>\n\t<div>\n\t\t\t<h3 class=\"qodef-m-title\">\n\t\tConcretos e Argamassas. Inova\u00e7\u00f5es Tecnol\u00f3gicas\t<\/h3>\n\t\t\t<\/div>\n\t\t<span class=\"qodef-m-close-icon\">\n\t\t\t<\/span>\n<\/div>\n\t\t\t\t<\/div>\n\t\t\t\t<\/div>\n\t\t\t\t\t<\/div>\n\t\t\t\t<\/div>\n\t\t<div class=\"elementor-element elementor-element-11ff3ee e-flex e-con-boxed e-con e-parent\" data-id=\"11ff3ee\" data-element_type=\"container\">\n\t\t\t\t\t<div class=\"e-con-inner\">\n\t\t\t\t<div class=\"elementor-element elementor-element-c9edcbb elementor-widget-divider--view-line elementor-widget elementor-widget-divider\" data-id=\"c9edcbb\" data-element_type=\"widget\" data-widget_type=\"divider.default\">\n\t\t\t\t<div class=\"elementor-widget-container\">\n\t\t\t\t\t\t\t<div class=\"elementor-divider\">\n\t\t\t<span class=\"elementor-divider-separator\">\n\t\t\t\t\t\t<\/span>\n\t\t<\/div>\n\t\t\t\t\t\t<\/div>\n\t\t\t\t<\/div>\n\t\t\t\t\t<\/div>\n\t\t\t\t<\/div>\n\t\t<div class=\"elementor-element elementor-element-4c1c54e e-flex e-con-boxed e-con e-parent\" data-id=\"4c1c54e\" data-element_type=\"container\">\n\t\t\t\t\t<div class=\"e-con-inner\">\n\t\t\t\t<div class=\"elementor-element elementor-element-71eaab2 elementor-widget elementor-widget-qi_addons_for_elementor_message_box\" data-id=\"71eaab2\" data-element_type=\"widget\" data-widget_type=\"qi_addons_for_elementor_message_box.default\">\n\t\t\t\t<div class=\"elementor-widget-container\">\n\t\t\t\t\t<div class=\"qodef-shortcode qodef-m  qodef-qi-message-box qodef-icon--middle\">\n\t\t<span class=\"qodef-m-icon\">\n\t\t<svg aria-hidden=\"true\" class=\"e-font-icon-svg e-far-arrow-alt-circle-right\" viewBox=\"0 0 512 512\" xmlns=\"http:\/\/www.w3.org\/2000\/svg\"><path d=\"M504 256C504 119 393 8 256 8S8 119 8 256s111 248 248 248 248-111 248-248zm-448 0c0-110.5 89.5-200 200-200s200 89.5 200 200-89.5 200-200 200S56 366.5 56 256zm72 20v-40c0-6.6 5.4-12 12-12h116v-67c0-10.7 12.9-16 20.5-8.5l99 99c4.7 4.7 4.7 12.3 0 17l-99 99c-7.6 7.6-20.5 2.2-20.5-8.5v-67H140c-6.6 0-12-5.4-12-12z\"><\/path><\/svg>\t<\/span>\n\t<div>\n\t\t\t<h3 class=\"qodef-m-title\">\n\t\tConcretos e Argamassas. Materiais e Propriedades\t<\/h3>\n\t\t\t<\/div>\n\t\t<span class=\"qodef-m-close-icon\">\n\t\t\t<\/span>\n<\/div>\n\t\t\t\t<\/div>\n\t\t\t\t<\/div>\n\t\t\t\t<div class=\"elementor-element elementor-element-1260bee elementor-widget-divider--view-line elementor-widget elementor-widget-divider\" data-id=\"1260bee\" data-element_type=\"widget\" data-widget_type=\"divider.default\">\n\t\t\t\t<div class=\"elementor-widget-container\">\n\t\t\t\t\t\t\t<div class=\"elementor-divider\">\n\t\t\t<span class=\"elementor-divider-separator\">\n\t\t\t\t\t\t<\/span>\n\t\t<\/div>\n\t\t\t\t\t\t<\/div>\n\t\t\t\t<\/div>\n\t\t\t\t<div class=\"elementor-element elementor-element-c2c2f46 elementor-widget elementor-widget-qi_addons_for_elementor_message_box\" data-id=\"c2c2f46\" data-element_type=\"widget\" data-widget_type=\"qi_addons_for_elementor_message_box.default\">\n\t\t\t\t<div class=\"elementor-widget-container\">\n\t\t\t\t\t<div class=\"qodef-shortcode qodef-m  qodef-qi-message-box qodef-icon--middle\">\n\t\t<span class=\"qodef-m-icon\">\n\t\t<svg aria-hidden=\"true\" class=\"e-font-icon-svg e-far-arrow-alt-circle-right\" viewBox=\"0 0 512 512\" xmlns=\"http:\/\/www.w3.org\/2000\/svg\"><path d=\"M504 256C504 119 393 8 256 8S8 119 8 256s111 248 248 248 248-111 248-248zm-448 0c0-110.5 89.5-200 200-200s200 89.5 200 200-89.5 200-200 200S56 366.5 56 256zm72 20v-40c0-6.6 5.4-12 12-12h116v-67c0-10.7 12.9-16 20.5-8.5l99 99c4.7 4.7 4.7 12.3 0 17l-99 99c-7.6 7.6-20.5 2.2-20.5-8.5v-67H140c-6.6 0-12-5.4-12-12z\"><\/path><\/svg>\t<\/span>\n\t<div>\n\t\t\t<h3 class=\"qodef-m-title\">\n\t\tEstruturas de Concreto e Mistas. Durabilidade e Sustentabilidade\t<\/h3>\n\t\t\t<\/div>\n\t\t<span class=\"qodef-m-close-icon\">\n\t\t\t<\/span>\n<\/div>\n\t\t\t\t<\/div>\n\t\t\t\t<\/div>\n\t\t\t\t<div class=\"elementor-element elementor-element-fc86173 elementor-widget-divider--view-line elementor-widget elementor-widget-divider\" data-id=\"fc86173\" data-element_type=\"widget\" data-widget_type=\"divider.default\">\n\t\t\t\t<div class=\"elementor-widget-container\">\n\t\t\t\t\t\t\t<div class=\"elementor-divider\">\n\t\t\t<span class=\"elementor-divider-separator\">\n\t\t\t\t\t\t<\/span>\n\t\t<\/div>\n\t\t\t\t\t\t<\/div>\n\t\t\t\t<\/div>\n\t\t\t\t<div class=\"elementor-element elementor-element-c602545 elementor-widget elementor-widget-qi_addons_for_elementor_message_box\" data-id=\"c602545\" data-element_type=\"widget\" data-widget_type=\"qi_addons_for_elementor_message_box.default\">\n\t\t\t\t<div class=\"elementor-widget-container\">\n\t\t\t\t\t<div class=\"qodef-shortcode qodef-m  qodef-qi-message-box qodef-icon--middle\">\n\t\t<span class=\"qodef-m-icon\">\n\t\t<svg aria-hidden=\"true\" class=\"e-font-icon-svg e-far-arrow-alt-circle-right\" viewBox=\"0 0 512 512\" xmlns=\"http:\/\/www.w3.org\/2000\/svg\"><path d=\"M504 256C504 119 393 8 256 8S8 119 8 256s111 248 248 248 248-111 248-248zm-448 0c0-110.5 89.5-200 200-200s200 89.5 200 200-89.5 200-200 200S56 366.5 56 256zm72 20v-40c0-6.6 5.4-12 12-12h116v-67c0-10.7 12.9-16 20.5-8.5l99 99c4.7 4.7 4.7 12.3 0 17l-99 99c-7.6 7.6-20.5 2.2-20.5-8.5v-67H140c-6.6 0-12-5.4-12-12z\"><\/path><\/svg>\t<\/span>\n\t<div>\n\t\t\t<h3 class=\"qodef-m-title\">\n\t\tEstruturas de Concreto e Mistas. An\u00e1lise e Projeto\t<\/h3>\n\t\t\t<\/div>\n\t\t<span class=\"qodef-m-close-icon\">\n\t\t\t<\/span>\n<\/div>\n\t\t\t\t<\/div>\n\t\t\t\t<\/div>\n\t\t\t\t<div class=\"elementor-element elementor-element-37a4a26 elementor-widget-divider--view-line elementor-widget elementor-widget-divider\" data-id=\"37a4a26\" data-element_type=\"widget\" data-widget_type=\"divider.default\">\n\t\t\t\t<div class=\"elementor-widget-container\">\n\t\t\t\t\t\t\t<div class=\"elementor-divider\">\n\t\t\t<span class=\"elementor-divider-separator\">\n\t\t\t\t\t\t<\/span>\n\t\t<\/div>\n\t\t\t\t\t\t<\/div>\n\t\t\t\t<\/div>\n\t\t\t\t<div class=\"elementor-element elementor-element-13b4d14 elementor-widget elementor-widget-qi_addons_for_elementor_message_box\" data-id=\"13b4d14\" data-element_type=\"widget\" data-widget_type=\"qi_addons_for_elementor_message_box.default\">\n\t\t\t\t<div class=\"elementor-widget-container\">\n\t\t\t\t\t<div class=\"qodef-shortcode qodef-m  qodef-qi-message-box qodef-icon--middle\">\n\t\t<span class=\"qodef-m-icon\">\n\t\t<svg aria-hidden=\"true\" class=\"e-font-icon-svg e-far-arrow-alt-circle-right\" viewBox=\"0 0 512 512\" xmlns=\"http:\/\/www.w3.org\/2000\/svg\"><path d=\"M504 256C504 119 393 8 256 8S8 119 8 256s111 248 248 248 248-111 248-248zm-448 0c0-110.5 89.5-200 200-200s200 89.5 200 200-89.5 200-200 200S56 366.5 56 256zm72 20v-40c0-6.6 5.4-12 12-12h116v-67c0-10.7 12.9-16 20.5-8.5l99 99c4.7 4.7 4.7 12.3 0 17l-99 99c-7.6 7.6-20.5 2.2-20.5-8.5v-67H140c-6.6 0-12-5.4-12-12z\"><\/path><\/svg>\t<\/span>\n\t<div>\n\t\t\t<h3 class=\"qodef-m-title\">\n\t\tEstruturas de Concreto e Mistas. Inspe\u00e7\u00e3o, Diagn\u00f3stico, Recupera\u00e7\u00e3o, Refor\u00e7o e Prote\u00e7\u00e3o\t<\/h3>\n\t\t\t<\/div>\n\t\t<span class=\"qodef-m-close-icon\">\n\t\t\t<\/span>\n<\/div>\n\t\t\t\t<\/div>\n\t\t\t\t<\/div>\n\t\t\t\t<div class=\"elementor-element elementor-element-463d194 elementor-widget-divider--view-line elementor-widget elementor-widget-divider\" data-id=\"463d194\" data-element_type=\"widget\" data-widget_type=\"divider.default\">\n\t\t\t\t<div class=\"elementor-widget-container\">\n\t\t\t\t\t\t\t<div class=\"elementor-divider\">\n\t\t\t<span class=\"elementor-divider-separator\">\n\t\t\t\t\t\t<\/span>\n\t\t<\/div>\n\t\t\t\t\t\t<\/div>\n\t\t\t\t<\/div>\n\t\t\t\t<div class=\"elementor-element elementor-element-519a793 elementor-widget elementor-widget-qi_addons_for_elementor_message_box\" data-id=\"519a793\" data-element_type=\"widget\" data-widget_type=\"qi_addons_for_elementor_message_box.default\">\n\t\t\t\t<div class=\"elementor-widget-container\">\n\t\t\t\t\t<div class=\"qodef-shortcode qodef-m  qodef-qi-message-box qodef-icon--middle\">\n\t\t<span class=\"qodef-m-icon\">\n\t\t<svg aria-hidden=\"true\" class=\"e-font-icon-svg e-far-arrow-alt-circle-right\" viewBox=\"0 0 512 512\" xmlns=\"http:\/\/www.w3.org\/2000\/svg\"><path d=\"M504 256C504 119 393 8 256 8S8 119 8 256s111 248 248 248 248-111 248-248zm-448 0c0-110.5 89.5-200 200-200s200 89.5 200 200-89.5 200-200 200S56 366.5 56 256zm72 20v-40c0-6.6 5.4-12 12-12h116v-67c0-10.7 12.9-16 20.5-8.5l99 99c4.7 4.7 4.7 12.3 0 17l-99 99c-7.6 7.6-20.5 2.2-20.5-8.5v-67H140c-6.6 0-12-5.4-12-12z\"><\/path><\/svg>\t<\/span>\n\t<div>\n\t\t\t<h3 class=\"qodef-m-title\">\n\t\tEstruturas de Concreto e Mistas. Pr\u00e9-moldados e Pr\u00e9-fabricados\t<\/h3>\n\t\t\t<\/div>\n\t\t<span class=\"qodef-m-close-icon\">\n\t\t\t<\/span>\n<\/div>\n\t\t\t\t<\/div>\n\t\t\t\t<\/div>\n\t\t\t\t<div class=\"elementor-element elementor-element-f12cbf6 elementor-widget-divider--view-line elementor-widget elementor-widget-divider\" data-id=\"f12cbf6\" data-element_type=\"widget\" data-widget_type=\"divider.default\">\n\t\t\t\t<div class=\"elementor-widget-container\">\n\t\t\t\t\t\t\t<div class=\"elementor-divider\">\n\t\t\t<span class=\"elementor-divider-separator\">\n\t\t\t\t\t\t<\/span>\n\t\t<\/div>\n\t\t\t\t\t\t<\/div>\n\t\t\t\t<\/div>\n\t\t\t\t<div class=\"elementor-element elementor-element-08b916b elementor-widget elementor-widget-qi_addons_for_elementor_message_box\" data-id=\"08b916b\" data-element_type=\"widget\" data-widget_type=\"qi_addons_for_elementor_message_box.default\">\n\t\t\t\t<div class=\"elementor-widget-container\">\n\t\t\t\t\t<div class=\"qodef-shortcode qodef-m  qodef-qi-message-box qodef-icon--middle\">\n\t\t<span class=\"qodef-m-icon\">\n\t\t<svg aria-hidden=\"true\" class=\"e-font-icon-svg e-far-arrow-alt-circle-right\" viewBox=\"0 0 512 512\" xmlns=\"http:\/\/www.w3.org\/2000\/svg\"><path d=\"M504 256C504 119 393 8 256 8S8 119 8 256s111 248 248 248 248-111 248-248zm-448 0c0-110.5 89.5-200 200-200s200 89.5 200 200-89.5 200-200 200S56 366.5 56 256zm72 20v-40c0-6.6 5.4-12 12-12h116v-67c0-10.7 12.9-16 20.5-8.5l99 99c4.7 4.7 4.7 12.3 0 17l-99 99c-7.6 7.6-20.5 2.2-20.5-8.5v-67H140c-6.6 0-12-5.4-12-12z\"><\/path><\/svg>\t<\/span>\n\t<div>\n\t\t\t<h3 class=\"qodef-m-title\">\n\t\tEstruturas de Concreto e Mistas. Prote\u00e7\u00e3o Contra Inc\u00eandio\t<\/h3>\n\t\t\t<\/div>\n\t\t<span class=\"qodef-m-close-icon\">\n\t\t\t<\/span>\n<\/div>\n\t\t\t\t<\/div>\n\t\t\t\t<\/div>\n\t\t\t\t<div class=\"elementor-element elementor-element-d84e238 elementor-widget-divider--view-line elementor-widget elementor-widget-divider\" data-id=\"d84e238\" data-element_type=\"widget\" data-widget_type=\"divider.default\">\n\t\t\t\t<div class=\"elementor-widget-container\">\n\t\t\t\t\t\t\t<div class=\"elementor-divider\">\n\t\t\t<span class=\"elementor-divider-separator\">\n\t\t\t\t\t\t<\/span>\n\t\t<\/div>\n\t\t\t\t\t\t<\/div>\n\t\t\t\t<\/div>\n\t\t\t\t<div class=\"elementor-element elementor-element-277d687 elementor-widget elementor-widget-qi_addons_for_elementor_message_box\" data-id=\"277d687\" data-element_type=\"widget\" data-widget_type=\"qi_addons_for_elementor_message_box.default\">\n\t\t\t\t<div class=\"elementor-widget-container\">\n\t\t\t\t\t<div class=\"qodef-shortcode qodef-m  qodef-qi-message-box qodef-icon--middle\">\n\t\t<span class=\"qodef-m-icon\">\n\t\t<svg aria-hidden=\"true\" class=\"e-font-icon-svg e-far-arrow-alt-circle-right\" viewBox=\"0 0 512 512\" xmlns=\"http:\/\/www.w3.org\/2000\/svg\"><path d=\"M504 256C504 119 393 8 256 8S8 119 8 256s111 248 248 248 248-111 248-248zm-448 0c0-110.5 89.5-200 200-200s200 89.5 200 200-89.5 200-200 200S56 366.5 56 256zm72 20v-40c0-6.6 5.4-12 12-12h116v-67c0-10.7 12.9-16 20.5-8.5l99 99c4.7 4.7 4.7 12.3 0 17l-99 99c-7.6 7.6-20.5 2.2-20.5-8.5v-67H140c-6.6 0-12-5.4-12-12z\"><\/path><\/svg>\t<\/span>\n\t<div>\n\t\t\t<h3 class=\"qodef-m-title\">\n\t\tObras de Concreto e Mistas. M\u00e9todos Construtivos e Gest\u00e3o\t<\/h3>\n\t\t\t<\/div>\n\t\t<span class=\"qodef-m-close-icon\">\n\t\t\t<\/span>\n<\/div>\n\t\t\t\t<\/div>\n\t\t\t\t<\/div>\n\t\t\t\t<div class=\"elementor-element elementor-element-b871eb7 elementor-widget-divider--view-line elementor-widget elementor-widget-divider\" data-id=\"b871eb7\" data-element_type=\"widget\" data-widget_type=\"divider.default\">\n\t\t\t\t<div class=\"elementor-widget-container\">\n\t\t\t\t\t\t\t<div class=\"elementor-divider\">\n\t\t\t<span class=\"elementor-divider-separator\">\n\t\t\t\t\t\t<\/span>\n\t\t<\/div>\n\t\t\t\t\t\t<\/div>\n\t\t\t\t<\/div>\n\t\t\t\t\t<\/div>\n\t\t\t\t<\/div>\n\t\t\t\t<\/div>\n\t\t","protected":false},"excerpt":{"rendered":"<p>Concretos e Argamassas. Inova\u00e7\u00f5es Tecnol\u00f3gicas Concretos e Argamassas. Materiais e Propriedades Estruturas de Concreto e Mistas. Durabilidade e Sustentabilidade Estruturas de Concreto e Mistas. An\u00e1lise e Projeto Estruturas de Concreto e Mistas. Inspe\u00e7\u00e3o, Diagn\u00f3stico, Recupera\u00e7\u00e3o, Refor\u00e7o e Prote\u00e7\u00e3o Estruturas de Concreto e Mistas. Pr\u00e9-moldados e Pr\u00e9-fabricados Estruturas de Concreto e Mistas. Prote\u00e7\u00e3o Contra Inc\u00eandio Obras [&hellip;]<\/p>\n","protected":false},"author":2,"featured_media":0,"parent":0,"menu_order":0,"comment_status":"closed","ping_status":"closed","template":"","meta":{"_siteseo_robots_primary_cat":"","footnotes":""},"class_list":["post-250","page","type-page","status-publish","hentry"],"_links":{"self":[{"href":"https:\/\/tempsite.com.br\/66cbc2025\/wp-json\/wp\/v2\/pages\/250","targetHints":{"allow":["GET"]}}],"collection":[{"href":"https:\/\/tempsite.com.br\/66cbc2025\/wp-json\/wp\/v2\/pages"}],"about":[{"href":"https:\/\/tempsite.com.br\/66cbc2025\/wp-json\/wp\/v2\/types\/page"}],"author":[{"embeddable":true,"href":"https:\/\/tempsite.com.br\/66cbc2025\/wp-json\/wp\/v2\/users\/2"}],"replies":[{"embeddable":true,"href":"https:\/\/tempsite.com.br\/66cbc2025\/wp-json\/wp\/v2\/comments?post=250"}],"version-history":[{"count":7,"href":"https:\/\/tempsite.com.br\/66cbc2025\/wp-json\/wp\/v2\/pages\/250\/revisions"}],"predecessor-version":[{"id":258,"href":"https:\/\/tempsite.com.br\/66cbc2025\/wp-json\/wp\/v2\/pages\/250\/revisions\/258"}],"wp:attachment":[{"href":"https:\/\/tempsite.com.br\/66cbc2025\/wp-json\/wp\/v2\/media?parent=250"}],"curies":[{"name":"wp","href":"https:\/\/api.w.org\/{rel}","templated":true}]}}