{"id":259,"date":"2025-01-09T12:01:18","date_gmt":"2025-01-09T12:01:18","guid":{"rendered":"https:\/\/tempsite.com.br\/66cbc2025\/?page_id=259"},"modified":"2025-01-13T12:21:10","modified_gmt":"2025-01-13T12:21:10","slug":"feibracon","status":"publish","type":"page","link":"https:\/\/tempsite.com.br\/66cbc2025\/feibracon\/","title":{"rendered":"FEIBRACON"},"content":{"rendered":"\t\t<div data-elementor-type=\"wp-page\" data-elementor-id=\"259\" class=\"elementor elementor-259\" data-elementor-post-type=\"page\">\n\t\t\t\t<div class=\"elementor-element elementor-element-869427a e-flex e-con-boxed e-con e-parent\" data-id=\"869427a\" data-element_type=\"container\">\n\t\t\t\t\t<div class=\"e-con-inner\">\n\t\t\t\t<div class=\"elementor-element elementor-element-e8f4928 elementor-widget elementor-widget-text-editor\" data-id=\"e8f4928\" data-element_type=\"widget\" data-widget_type=\"text-editor.default\">\n\t\t\t\t<div class=\"elementor-widget-container\">\n\t\t\t\t\t\t\t\t\t<p><img fetchpriority=\"high\" decoding=\"async\" class=\"size-medium wp-image-262 alignleft\" src=\"http:\/\/tempsite.com.br\/66cbc2025\/wp-content\/uploads\/2025\/01\/feibracon_alterada-244x300.jpg\" alt=\"\" width=\"244\" height=\"300\" srcset=\"https:\/\/tempsite.com.br\/66cbc2025\/wp-content\/uploads\/2025\/01\/feibracon_alterada-244x300.jpg 244w, https:\/\/tempsite.com.br\/66cbc2025\/wp-content\/uploads\/2025\/01\/feibracon_alterada-768x946.jpg 768w, https:\/\/tempsite.com.br\/66cbc2025\/wp-content\/uploads\/2025\/01\/feibracon_alterada.jpg 800w\" sizes=\"(max-width: 244px) 100vw, 244px\" \/>Empresas e associa\u00e7\u00f5es comprometidas com a qualidade t\u00e9cnica e a sustentabilidade do setor nacional de constru\u00e7\u00e3o t\u00eam a oportunidade de marcar presen\u00e7a no maior evento t\u00e9cnico-cient\u00edfico brasileiro sobre a tecnologia do concreto e seus sistemas construtivos, como patrocinadoras e expositoras na Feira Brasileira das Constru\u00e7\u00f5es em Concreto (FEIBRACON).\u00a0<\/p><p>Al\u00e9m de estreitar relacionamentos com clientes e fechar potenciais neg\u00f3cios, as empresas t\u00eam a chance de marcar presen\u00e7a institucional num f\u00f3rum de discuss\u00e3o, no qual participam mais de 1000 congressistas e mais de 5000 visitantes, de variados setores da cadeia do concreto, como escrit\u00f3rios de projeto, laborat\u00f3rios de controle tecnol\u00f3gico, construtores, fornecedores de materiais, equipamentos e servi\u00e7os para constru\u00e7\u00e3o, \u00f3rg\u00e3os governamentais, institui\u00e7\u00f5es de ensino e de pesquisa, e entidades t\u00e9cnicas.\u00a0<\/p><p>Garanta ainda hoje seu espa\u00e7o!<\/p>\t\t\t\t\t\t\t\t<\/div>\n\t\t\t\t<\/div>\n\t\t\t\t<div class=\"elementor-element elementor-element-669918c elementor-widget elementor-widget-spacer\" data-id=\"669918c\" data-element_type=\"widget\" data-widget_type=\"spacer.default\">\n\t\t\t\t<div class=\"elementor-widget-container\">\n\t\t\t\t\t\t\t<div class=\"elementor-spacer\">\n\t\t\t<div class=\"elementor-spacer-inner\"><\/div>\n\t\t<\/div>\n\t\t\t\t\t\t<\/div>\n\t\t\t\t<\/div>\n\t\t\t\t\t<\/div>\n\t\t\t\t<\/div>\n\t\t<div class=\"elementor-element elementor-element-67049f9 e-flex e-con-boxed e-con e-parent\" data-id=\"67049f9\" data-element_type=\"container\">\n\t\t\t\t\t<div class=\"e-con-inner\">\n\t\t\t\t<div class=\"elementor-element elementor-element-42fe9cc elementor-widget elementor-widget-heading\" data-id=\"42fe9cc\" data-element_type=\"widget\" data-widget_type=\"heading.default\">\n\t\t\t\t<div class=\"elementor-widget-container\">\n\t\t\t\t\t<h2 class=\"elementor-heading-title elementor-size-default\">Cotas de Patroc\u00ednio e Exposi\u00e7\u00e3o<\/h2>\t\t\t\t<\/div>\n\t\t\t\t<\/div>\n\t\t\t\t<div class=\"elementor-element elementor-element-fcd2c97 elementor-widget elementor-widget-text-editor\" data-id=\"fcd2c97\" data-element_type=\"widget\" data-widget_type=\"text-editor.default\">\n\t\t\t\t<div class=\"elementor-widget-container\">\n\t\t\t\t\t\t\t\t\t<p>Excelentes oportunidades para divulga\u00e7\u00e3o, promo\u00e7\u00e3o e relacionamento: espa\u00e7os comerciais na\u00a0<strong>XX FEIBRACON \u2013 Feira Brasileira da Constru\u00e7\u00e3o em Concreto<\/strong>. Inscri\u00e7\u00f5es gratuitas no evento<\/p>\t\t\t\t\t\t\t\t<\/div>\n\t\t\t\t<\/div>\n\t\t\t\t\t<\/div>\n\t\t\t\t<\/div>\n\t\t\t\t<\/div>\n\t\t","protected":false},"excerpt":{"rendered":"<p>Empresas e associa\u00e7\u00f5es comprometidas com a qualidade t\u00e9cnica e a sustentabilidade do setor nacional de constru\u00e7\u00e3o t\u00eam a oportunidade de marcar presen\u00e7a no maior evento t\u00e9cnico-cient\u00edfico brasileiro sobre a tecnologia do concreto e seus sistemas construtivos, como patrocinadoras e expositoras na Feira Brasileira das Constru\u00e7\u00f5es em Concreto (FEIBRACON).\u00a0 Al\u00e9m de estreitar relacionamentos com clientes e [&hellip;]<\/p>\n","protected":false},"author":2,"featured_media":0,"parent":0,"menu_order":0,"comment_status":"closed","ping_status":"closed","template":"","meta":{"_siteseo_robots_primary_cat":"","footnotes":""},"class_list":["post-259","page","type-page","status-publish","hentry"],"_links":{"self":[{"href":"https:\/\/tempsite.com.br\/66cbc2025\/wp-json\/wp\/v2\/pages\/259","targetHints":{"allow":["GET"]}}],"collection":[{"href":"https:\/\/tempsite.com.br\/66cbc2025\/wp-json\/wp\/v2\/pages"}],"about":[{"href":"https:\/\/tempsite.com.br\/66cbc2025\/wp-json\/wp\/v2\/types\/page"}],"author":[{"embeddable":true,"href":"https:\/\/tempsite.com.br\/66cbc2025\/wp-json\/wp\/v2\/users\/2"}],"replies":[{"embeddable":true,"href":"https:\/\/tempsite.com.br\/66cbc2025\/wp-json\/wp\/v2\/comments?post=259"}],"version-history":[{"count":10,"href":"https:\/\/tempsite.com.br\/66cbc2025\/wp-json\/wp\/v2\/pages\/259\/revisions"}],"predecessor-version":[{"id":306,"href":"https:\/\/tempsite.com.br\/66cbc2025\/wp-json\/wp\/v2\/pages\/259\/revisions\/306"}],"wp:attachment":[{"href":"https:\/\/tempsite.com.br\/66cbc2025\/wp-json\/wp\/v2\/media?parent=259"}],"curies":[{"name":"wp","href":"https:\/\/api.w.org\/{rel}","templated":true}]}}